{"id":11,"date":"2015-02-07T10:19:22","date_gmt":"2015-02-07T10:19:22","guid":{"rendered":"http:\/\/www.reginka.de\/?page_id=11"},"modified":"2015-11-22T16:44:44","modified_gmt":"2015-11-22T16:44:44","slug":"streuobstpaedagogik","status":"publish","type":"page","link":"https:\/\/www.reginka.de\/?page_id=11","title":{"rendered":"Streuobstp\u00e4dagogik"},"content":{"rendered":"<div class=\"fusion-one-half one_half fusion-layout-column fusion-column spacing-yes\"><div class=\"fusion-column-wrapper\">\n<h2>Streuobstp\u00e4dagogik<\/h2>\n<p>Kindern die Vielfalt und Sch\u00f6nheit der Natur vor ihrer Haust\u00fcr ins<br \/>\nBewu\u00dftsein bringen und nat\u00fcrliche Kreisl\u00e4ufe und Zusammenh\u00e4nge<br \/>\nim Jahreslauf erlebbar machen und lernen vernetzt zu denken.<\/p>\n<p><a title=\"Streuobstp\u00e4dagogen\" href=\"https:\/\/www.xn--streuobst-pdagogen-vtb.de\/\" target=\"_blank\">Link zur Seite der Streuobstp\u00e4dagogen<\/a><\/p>\n<p>Udo Blickensdorf-Reginka hat die Ausbildung zum Naturschutzp\u00e4dagogen<br \/>\n2012 absolviert und ist seit Anfang 2013 in 3 Grundschulklassen t\u00e4tig.<\/div><\/div><div class=\"fusion-one-third one_third fusion-layout-column fusion-column last spacing-yes\"><div class=\"fusion-column-wrapper\">\n<p style=\"text-align: center;\"><a href=\"https:\/\/www.reginka.de\/wp-content\/uploads\/2015\/02\/2015.22.11-Udo-Baumwart-web1.png\"><img loading=\"lazy\" decoding=\"async\" class=\"alignnone size-full wp-image-523\" src=\"https:\/\/www.reginka.de\/wp-content\/uploads\/2015\/02\/2015.22.11-Udo-Baumwart-web1.png\" alt=\"Baumwart Udo Reginka\" width=\"300\" height=\"400\" srcset=\"https:\/\/www.reginka.de\/wp-content\/uploads\/2015\/02\/2015.22.11-Udo-Baumwart-web1.png 300w, https:\/\/www.reginka.de\/wp-content\/uploads\/2015\/02\/2015.22.11-Udo-Baumwart-web1-225x300.png 225w\" sizes=\"auto, (max-width: 300px) 100vw, 300px\" \/><\/a><\/p>\n<\/div><\/div><div class=\"fusion-clearfix\"><\/div>\n<p style=\"text-align: center;\">Eva Reginka\u00a0 &#8211; Vohlenstra\u00dfe 5 &#8211; 72351 Geislingen &#8211; Telefon (07433)23285 &#8211; reginka@reginka.de<\/p>\n\n","protected":false},"excerpt":{"rendered":"","protected":false},"author":1,"featured_media":0,"parent":0,"menu_order":0,"comment_status":"closed","ping_status":"closed","template":"","meta":{"footnotes":""},"class_list":["post-11","page","type-page","status-publish","hentry"],"_links":{"self":[{"href":"https:\/\/www.reginka.de\/index.php?rest_route=\/wp\/v2\/pages\/11","targetHints":{"allow":["GET"]}}],"collection":[{"href":"https:\/\/www.reginka.de\/index.php?rest_route=\/wp\/v2\/pages"}],"about":[{"href":"https:\/\/www.reginka.de\/index.php?rest_route=\/wp\/v2\/types\/page"}],"author":[{"embeddable":true,"href":"https:\/\/www.reginka.de\/index.php?rest_route=\/wp\/v2\/users\/1"}],"replies":[{"embeddable":true,"href":"https:\/\/www.reginka.de\/index.php?rest_route=%2Fwp%2Fv2%2Fcomments&post=11"}],"version-history":[{"count":17,"href":"https:\/\/www.reginka.de\/index.php?rest_route=\/wp\/v2\/pages\/11\/revisions"}],"predecessor-version":[{"id":524,"href":"https:\/\/www.reginka.de\/index.php?rest_route=\/wp\/v2\/pages\/11\/revisions\/524"}],"wp:attachment":[{"href":"https:\/\/www.reginka.de\/index.php?rest_route=%2Fwp%2Fv2%2Fmedia&parent=11"}],"curies":[{"name":"wp","href":"https:\/\/api.w.org\/{rel}","templated":true}]}}