{"id":28,"date":"2015-01-24T21:29:49","date_gmt":"2015-01-24T21:29:49","guid":{"rendered":"http:\/\/www.reginka.de\/?page_id=28"},"modified":"2015-10-03T14:13:45","modified_gmt":"2015-10-03T14:13:45","slug":"start","status":"publish","type":"page","link":"https:\/\/www.reginka.de\/","title":{"rendered":"Start"},"content":{"rendered":"<div class=\"fusion-one-fourth one_fourth fusion-layout-column fusion-column spacing-yes\"><div class=\"fusion-column-wrapper\"><a href=\"https:\/\/www.reginka.de\/wp-content\/uploads\/2015\/01\/startseite-steinbank2.png\"><img loading=\"lazy\" decoding=\"async\" class=\"alignnone size-full wp-image-517\" src=\"https:\/\/www.reginka.de\/wp-content\/uploads\/2015\/01\/startseite-steinbank2.png\" alt=\"startseite-steinbank2\" width=\"450\" height=\"300\" srcset=\"https:\/\/www.reginka.de\/wp-content\/uploads\/2015\/01\/startseite-steinbank2.png 450w, https:\/\/www.reginka.de\/wp-content\/uploads\/2015\/01\/startseite-steinbank2-300x200.png 300w\" sizes=\"auto, (max-width: 450px) 100vw, 450px\" \/><\/a><\/div><\/div><div class=\"fusion-one-half one_half fusion-layout-column fusion-column spacing-yes\"><div class=\"fusion-column-wrapper\">\n<h3 class=\"Stil5\" style=\"text-align: justify;\">\u201eG\u00e4rten sind zur Nahrung des Herzens gemacht.\u201c<\/h3>\n<p class=\"Stil5\" style=\"text-align: justify;\">Unser Wunsch ist es, G\u00e4rten zu planen und zu bauen, die nach den W\u00fcnschen der Kundschaft zusammen mit der Wahl der Materialien, Pflanzen, Accessoires eine nat\u00fcrliche, harmonische Gartengestaltung ergeben.<\/p>\n<p style=\"text-align: justify;\">Die Verbindung von bodenst\u00e4ndigem Gartenbaubetrieb mit Feng Shui und Geomantie ist ideal. So kann der Kunde w\u00e4hlen, ob Planung, Gartenpflege oder reine Baut\u00e4tigkeiten im herk\u00f6mmlichen Sinne durchgef\u00fchrt werden oder ob auch die Geomantie bzw. Feng Shui in den Garten mit einflie\u00dfen soll.<\/p>\n<\/div><\/div><div class=\"fusion-one-fourth one_fourth fusion-layout-column fusion-column last spacing-yes\"><div class=\"fusion-column-wrapper\"><a href=\"https:\/\/www.reginka.de\/wp-content\/uploads\/2015\/02\/symbol-2012.png\"><img loading=\"lazy\" decoding=\"async\" class=\"alignnone wp-image-72\" src=\"https:\/\/www.reginka.de\/wp-content\/uploads\/2015\/02\/symbol-2012-150x150.png\" alt=\"symbol-2012\" width=\"125\" height=\"125\" \/><\/a><\/p>\n<p><span style=\"color: #000000; font-family: Verdana,Arial,Helvetica,sans-serif; font-size: small;\">Eva <\/span><span style=\"font-family: Verdana,Arial,Helvetica,sans-serif; font-size: small;\"><span style=\"color: #000000;\">Reginka<br \/>\nDipl.- Ing. der Landespflege<br \/>\nVohlenstra\u00dfe 5<br \/>\n72351 Geislingen<br \/>\nTelefon (07433)23285<\/span><\/span><span style=\"color: #000000;\"><span style=\"font-family: Verdana,Arial,Helvetica,sans-serif; font-size: small;\"><br \/>\n<span class=\"Stil1\">reginka@reginka.de <\/span><\/span><\/span><\/div><\/div><div class=\"fusion-clearfix\"><\/div>\n","protected":false},"excerpt":{"rendered":"","protected":false},"author":1,"featured_media":0,"parent":0,"menu_order":0,"comment_status":"closed","ping_status":"closed","template":"","meta":{"footnotes":""},"class_list":["post-28","page","type-page","status-publish","hentry"],"_links":{"self":[{"href":"https:\/\/www.reginka.de\/index.php?rest_route=\/wp\/v2\/pages\/28","targetHints":{"allow":["GET"]}}],"collection":[{"href":"https:\/\/www.reginka.de\/index.php?rest_route=\/wp\/v2\/pages"}],"about":[{"href":"https:\/\/www.reginka.de\/index.php?rest_route=\/wp\/v2\/types\/page"}],"author":[{"embeddable":true,"href":"https:\/\/www.reginka.de\/index.php?rest_route=\/wp\/v2\/users\/1"}],"replies":[{"embeddable":true,"href":"https:\/\/www.reginka.de\/index.php?rest_route=%2Fwp%2Fv2%2Fcomments&post=28"}],"version-history":[{"count":22,"href":"https:\/\/www.reginka.de\/index.php?rest_route=\/wp\/v2\/pages\/28\/revisions"}],"predecessor-version":[{"id":518,"href":"https:\/\/www.reginka.de\/index.php?rest_route=\/wp\/v2\/pages\/28\/revisions\/518"}],"wp:attachment":[{"href":"https:\/\/www.reginka.de\/index.php?rest_route=%2Fwp%2Fv2%2Fmedia&parent=28"}],"curies":[{"name":"wp","href":"https:\/\/api.w.org\/{rel}","templated":true}]}}