{"id":46,"date":"2015-02-07T10:16:47","date_gmt":"2015-02-07T10:16:47","guid":{"rendered":"http:\/\/www.reginka.de\/?page_id=46"},"modified":"2015-05-06T19:32:01","modified_gmt":"2015-05-06T19:32:01","slug":"geomantie","status":"publish","type":"page","link":"https:\/\/www.reginka.de\/?page_id=46","title":{"rendered":"Geomantie"},"content":{"rendered":"<div class=\"fusion-one-half one_half fusion-layout-column fusion-column spacing-yes\"><div class=\"fusion-column-wrapper\">\n<h2>Geomantie<\/h2>\n<h3>Allgemeine Bedeutung<\/h3>\n<h4>Geomantie ist die Kunst, Lebensraum nach den Bed\u00fcrfnissen der menschlichen Seele im Einklang mit der Ortskraft zu gestalten.<\/h4>\n<p><strong>Weitere Infos:<\/strong> <a href=\"https:\/\/www.stefan-broennle.de\/geomantie.html\" target=\"_blank\" class=\"broken_link\">Stefan Br\u00f6nnle<\/a><\/p>\n<p>Es hei\u00dft, die Umgebung zu respektieren, sie mit den Menschen zu harmonisieren und vor allem, die Regeln der Natur zu beachten.<\/p>\n<h4>F\u00fcr die Gartengestaltung<\/h4>\n<p>F\u00fcr die Gartengestaltung er\u00f6ffnet die Geomantie M\u00f6glichkeiten, vorhandene Energien, die sich negativ auf den Bewohner auswirken k\u00f6nnen, zu erkennen und entsprechend handeln zu k\u00f6nnen. Es gilt, stimmige Pl\u00e4tze und Orte zu schaffen, um so eine energetische Umweltverbesserung zu bewirken.<\/div><\/div><div class=\"fusion-one-half one_half fusion-layout-column fusion-column last spacing-yes\"><div class=\"fusion-column-wrapper\">\n<h2>Beispiel aus der Praxis:<\/h2>\n<p><strong>Standort von Pflanzungen<\/strong><br \/>\nBestimmte Pflanzen an den richtigen Standort gepflanzt,k\u00f6nnen z.B. negative Strahlungfelder<br \/>\nunsch\u00e4dlich machen. (Eiche, Buchs)<\/p>\n<p><strong>Lithopunktur einer Landschaft<\/strong><br \/>\nDieser Vorgang ist zu vergleichen mit der Akupunktur am menschlichen K\u00f6rper,bei der mittels Nadeln die Lebenskraft des K\u00f6rpers gest\u00e4rkt und harmonisiert werden soll.<br \/>\nBei der Lithopunktur wird dieser Vorgang mittels eines behauenen Steins, der auf einen bestimmten Punkt der Landschft platziert wird, vollzogen. In diesen Stein wird ein Kosmogramm gemeisselt, in dem eine Symbolsprache codiert ist, eine gewisse Botschaft. D.h. durch solch einen Stein wird gesagt, was in einer Landschaft, einem Garten, in einem Menschen unterst\u00fctzt werden soll.<br \/>\n<strong>Weitere Infos:<\/strong> <a href=\"https:\/\/www.unitheum.de\/Pogacnik1.htm\" target=\"_blank\" class=\"broken_link\">Marko Poga\u010dnik<\/a><\/div><\/div><div class=\"fusion-clearfix\"><\/div><div class=\"fusion-one-half one_half fusion-layout-column fusion-column spacing-yes\"><div class=\"fusion-column-wrapper\"><\/div><\/div><div class=\"fusion-one-fourth one_fourth fusion-layout-column fusion-column spacing-yes\"><div class=\"fusion-column-wrapper\">F\u00fcr die Gartengestaltung ergibt sich daraus die M\u00f6glichkeit, mit der Setzung eines Lithopunktursteins entweder den Garten selbst zu unterst\u00fctzen oder den Menschen in dem Bereich, in dem er gerade Hilfe ben\u00f6tigt.<\/div><\/div><div class=\"fusion-one-fourth one_fourth fusion-layout-column fusion-column last spacing-yes\"><div class=\"fusion-column-wrapper\"><a href=\"https:\/\/www.reginka.de\/wp-content\/uploads\/2015\/02\/kosmogramm01-2010.jpg\"><img loading=\"lazy\" decoding=\"async\" class=\"alignnone size-full wp-image-128\" src=\"https:\/\/www.reginka.de\/wp-content\/uploads\/2015\/02\/kosmogramm01-2010.jpg\" alt=\"Kosmogramm\" width=\"200\" height=\"150\" \/><\/a><\/div><\/div><div class=\"fusion-clearfix\"><\/div>\n<p style=\"text-align: center;\">Eva Reginka\u00a0 &#8211; Vohlenstra\u00dfe 5 &#8211; 72351 Geislingen &#8211; Telefon (07433)23285 &#8211; reginka@reginka.de<\/p>\n\n","protected":false},"excerpt":{"rendered":"","protected":false},"author":1,"featured_media":0,"parent":0,"menu_order":0,"comment_status":"closed","ping_status":"closed","template":"","meta":{"footnotes":""},"class_list":["post-46","page","type-page","status-publish","hentry"],"_links":{"self":[{"href":"https:\/\/www.reginka.de\/index.php?rest_route=\/wp\/v2\/pages\/46","targetHints":{"allow":["GET"]}}],"collection":[{"href":"https:\/\/www.reginka.de\/index.php?rest_route=\/wp\/v2\/pages"}],"about":[{"href":"https:\/\/www.reginka.de\/index.php?rest_route=\/wp\/v2\/types\/page"}],"author":[{"embeddable":true,"href":"https:\/\/www.reginka.de\/index.php?rest_route=\/wp\/v2\/users\/1"}],"replies":[{"embeddable":true,"href":"https:\/\/www.reginka.de\/index.php?rest_route=%2Fwp%2Fv2%2Fcomments&post=46"}],"version-history":[{"count":24,"href":"https:\/\/www.reginka.de\/index.php?rest_route=\/wp\/v2\/pages\/46\/revisions"}],"predecessor-version":[{"id":481,"href":"https:\/\/www.reginka.de\/index.php?rest_route=\/wp\/v2\/pages\/46\/revisions\/481"}],"wp:attachment":[{"href":"https:\/\/www.reginka.de\/index.php?rest_route=%2Fwp%2Fv2%2Fmedia&parent=46"}],"curies":[{"name":"wp","href":"https:\/\/api.w.org\/{rel}","templated":true}]}}