{"id":9,"date":"2015-02-07T10:03:24","date_gmt":"2015-02-07T10:03:24","guid":{"rendered":"http:\/\/www.reginka.de\/?page_id=9"},"modified":"2015-04-25T17:48:07","modified_gmt":"2015-04-25T17:48:07","slug":"garten-feng-shui","status":"publish","type":"page","link":"https:\/\/www.reginka.de\/?page_id=9","title":{"rendered":"Garten Feng Shui"},"content":{"rendered":"<div class=\"fusion-two-third two_third fusion-layout-column fusion-column last spacing-yes\"><div class=\"fusion-column-wrapper\">\n<h2 style=\"text-align: left;\">Garten Feng Shui<\/h2>\n<p style=\"text-align: left;\">Feng Shui entwickelte sich in China im Laufe der Jahrtausende durch akribische Beobachtungen, Berechnungen und Experimente. Alle Wechselwirkungen und Einfl\u00fcsse zwischen Mensch, Natur und Kosmos wurden mit gr\u00f6\u00dfter Sorgfalt analysiert und so den Menschen nutzbar gemacht.<\/p>\n<p style=\"text-align: left;\">Die Kunst des Feng Shui besteht darin, durch gezieltes Gestalten der Umgebung sowie durch Einsatz von Hilfsmitteln einen gleichm\u00e4\u00dfigen, harmonischen Energieflu\u00df sicher zustellen.<\/p>\n<p style=\"text-align: left;\">Die Wege und Mittel von Geomantie und Feng Shui sind unterschiedlich, doch das Ziel ist das Gleiche.<\/p>\n<p style=\"text-align: left;\">\u201eG\u00e4rten sind lebende Kunstwerke, in denen sich uns die heilsame Wirkung der Natur mitteilt. Sie sind von Menschenhand gestaltete Paradiese, die uns r\u00e4umlich umfangen und sch\u00fctzend aufnehmen. In ihnen kann die Seele der frostigen Umarmung durch die moderne Welt entfliehen und wieder auftauen. Legen wir \u00fcberall \u00fcppige G\u00e4rten an, auf dass unsere inneren G\u00e4rten erbl\u00fchen.\u201c (Ralf Satori)<\/p>\n<\/div><\/div><div class=\"fusion-clearfix\"><\/div><div class=\"fusion-two-third two_third fusion-layout-column fusion-column last spacing-yes\"><div class=\"fusion-column-wrapper\">\n<p style=\"text-align: center;\">Eva Reginka\u00a0 &#8211; Vohlenstra\u00dfe 5 &#8211; 72351 Geislingen &#8211; Telefon (07433)23285 &#8211; reginka@reginka.de<\/p>\n<\/div><\/div><div class=\"fusion-clearfix\"><\/div>\n","protected":false},"excerpt":{"rendered":"","protected":false},"author":1,"featured_media":0,"parent":0,"menu_order":0,"comment_status":"closed","ping_status":"closed","template":"","meta":{"footnotes":""},"class_list":["post-9","page","type-page","status-publish","hentry"],"_links":{"self":[{"href":"https:\/\/www.reginka.de\/index.php?rest_route=\/wp\/v2\/pages\/9","targetHints":{"allow":["GET"]}}],"collection":[{"href":"https:\/\/www.reginka.de\/index.php?rest_route=\/wp\/v2\/pages"}],"about":[{"href":"https:\/\/www.reginka.de\/index.php?rest_route=\/wp\/v2\/types\/page"}],"author":[{"embeddable":true,"href":"https:\/\/www.reginka.de\/index.php?rest_route=\/wp\/v2\/users\/1"}],"replies":[{"embeddable":true,"href":"https:\/\/www.reginka.de\/index.php?rest_route=%2Fwp%2Fv2%2Fcomments&post=9"}],"version-history":[{"count":6,"href":"https:\/\/www.reginka.de\/index.php?rest_route=\/wp\/v2\/pages\/9\/revisions"}],"predecessor-version":[{"id":443,"href":"https:\/\/www.reginka.de\/index.php?rest_route=\/wp\/v2\/pages\/9\/revisions\/443"}],"wp:attachment":[{"href":"https:\/\/www.reginka.de\/index.php?rest_route=%2Fwp%2Fv2%2Fmedia&parent=9"}],"curies":[{"name":"wp","href":"https:\/\/api.w.org\/{rel}","templated":true}]}}